{"id":973,"date":"2021-02-07T22:30:41","date_gmt":"2021-02-07T22:30:41","guid":{"rendered":"https:\/\/xn--briefmarken-prfer-g3b.ch\/?page_id=973"},"modified":"2023-04-05T20:12:37","modified_gmt":"2023-04-05T20:12:37","slug":"prufgebuhren","status":"publish","type":"page","link":"https:\/\/xn--briefmarken-prfer-g3b.ch\/fr\/prufgebuhren\/","title":{"rendered":"Frais d'examen"},"content":{"rendered":"<div data-elementor-type=\"wp-page\" data-elementor-id=\"973\" class=\"elementor elementor-973\">\n\t\t\t\t\t\t<section class=\"elementor-section elementor-top-section elementor-element elementor-element-2de2a3b elementor-section-boxed elementor-section-height-default elementor-section-height-default\" data-id=\"2de2a3b\" data-element_type=\"section\" data-e-type=\"section\">\n\t\t\t\t\t\t<div class=\"elementor-container elementor-column-gap-default\">\n\t\t\t\t\t<div class=\"elementor-column elementor-col-100 elementor-top-column elementor-element elementor-element-40c995b\" data-id=\"40c995b\" data-element_type=\"column\" data-e-type=\"column\">\n\t\t\t<div class=\"elementor-widget-wrap elementor-element-populated\">\n\t\t\t\t\t\t<div class=\"elementor-element elementor-element-ac142be elementor-widget-divider--view-line elementor-widget elementor-widget-divider\" data-id=\"ac142be\" data-element_type=\"widget\" data-e-type=\"widget\" data-widget_type=\"divider.default\">\n\t\t\t\t<div class=\"elementor-widget-container\">\n\t\t\t\t\t\t\t<div class=\"elementor-divider\">\n\t\t\t<span class=\"elementor-divider-separator\">\n\t\t\t\t\t\t<\/span>\n\t\t<\/div>\n\t\t\t\t\t\t<\/div>\n\t\t\t\t<\/div>\n\t\t\t\t<div class=\"elementor-element elementor-element-85ae031 elementor-widget elementor-widget-heading\" data-id=\"85ae031\" data-element_type=\"widget\" data-e-type=\"widget\" data-widget_type=\"heading.default\">\n\t\t\t\t<div class=\"elementor-widget-container\">\n\t\t\t\t\t<h2 class=\"elementor-heading-title elementor-size-default\">Tarifs d\u2019expertise<\/h2>\t\t\t\t<\/div>\n\t\t\t\t<\/div>\n\t\t\t\t<div class=\"elementor-element elementor-element-39eb756 elementor-widget__width-inherit elementor-widget elementor-widget-text-editor\" data-id=\"39eb756\" data-element_type=\"widget\" data-e-type=\"widget\" data-widget_type=\"text-editor.default\">\n\t\t\t\t<div class=\"elementor-widget-container\">\n\t\t\t\t\t\t\t\t\t<section class=\"elementor-section elementor-top-section elementor-element elementor-element-5dc52f2 elementor-section-boxed elementor-section-height-default elementor-section-height-default\" data-id=\"5dc52f2\" data-element_type=\"section\"><div class=\"elementor-container elementor-column-gap-default\"><div class=\"elementor-row\"><div class=\"elementor-column elementor-col-100 elementor-top-column elementor-element elementor-element-892ced1\" data-id=\"892ced1\" data-element_type=\"column\"><div class=\"elementor-column-wrap elementor-element-populated\"><div class=\"elementor-widget-wrap\"><div class=\"elementor-element elementor-element-802c03c elementor-widget elementor-widget-text-editor\" data-id=\"802c03c\" data-element_type=\"widget\" data-widget_type=\"text-editor.default\"><div class=\"elementor-widget-container\"><div class=\"elementor-text-editor elementor-clearfix\"><ol><li><p>Classification des timbres-poste : CHF 3.- par pi\u00e8ce<\/p><\/li><li><p>Signature : CHF 5.- par timbre<\/p><\/li><li><p>Mini-attestation (A6) avec image : \u00e0 partir de CHF 30.-<\/p><\/li><li><p>Attestation (A5) avec image : 3% de la valeur (au min. CHF 50.-)<\/p><\/li><li><p>Emission Durheim, classification type et pierre : CHF 15.- par pi\u00e8ce<\/p><\/li><li><p>Confirmation des attestations (max. 10 ans) : 1% de la valeur (au min. CHF 40.-)<\/p><\/li><li><p>Timbres-poste faux ou falsifi\u00e9s : frais selon difficult\u00e9<\/p><\/li><\/ol><p>Taxe par envoi : au min. CHF 30.- plus frais d'envoi.<br \/>Les pi\u00e8ces fausses ou falsifi\u00e9es seront marqu\u00e9es comme telles. Les certificats seront <br \/>\u00e9tablis conform\u00e9ment au r\u00e8glement d'expertise du 23 f\u00e9vrier 2008. Ce r\u00e8glement peut\n\u00eatre consult\u00e9 sur le site. (www.briefmarken-pr\u00fcfer.ch ou www.briefmarken-pruefer.ch)<\/p><\/div><\/div><\/div><\/div><\/div><\/div><\/div><\/div><\/section>\t\t\t\t\t\t\t\t<\/div>\n\t\t\t\t<\/div>\n\t\t\t\t\t<\/div>\n\t\t<\/div>\n\t\t\t\t\t<\/div>\n\t\t<\/section>\n\t\t\t\t<section class=\"elementor-section elementor-top-section elementor-element elementor-element-445d7c6 elementor-section-boxed elementor-section-height-default elementor-section-height-default\" data-id=\"445d7c6\" data-element_type=\"section\" data-e-type=\"section\">\n\t\t\t\t\t\t<div class=\"elementor-container elementor-column-gap-default\">\n\t\t\t\t\t<div class=\"elementor-column elementor-col-100 elementor-top-column elementor-element elementor-element-5f510a3\" data-id=\"5f510a3\" data-element_type=\"column\" data-e-type=\"column\">\n\t\t\t<div class=\"elementor-widget-wrap elementor-element-populated\">\n\t\t\t\t\t\t<div class=\"elementor-element elementor-element-6bc9efc elementor-align-center elementor-widget elementor-widget-button\" data-id=\"6bc9efc\" data-element_type=\"widget\" data-e-type=\"widget\" data-widget_type=\"button.default\">\n\t\t\t\t<div class=\"elementor-widget-container\">\n\t\t\t\t\t\t\t\t\t<div class=\"elementor-button-wrapper\">\n\t\t\t\t\t<a class=\"elementor-button elementor-button-link elementor-size-sm elementor-animation-grow\" href=\"https:\/\/www.postfinance.ch\/fr\/assistance\/services\/outils-calculateurs\/calculateur-monnaie.html\">\n\t\t\t\t\t\t<span class=\"elementor-button-content-wrapper\">\n\t\t\t\t\t\t\t\t\t<span class=\"elementor-button-text\">Convertisseur de devises PostFinance<\/span>\n\t\t\t\t\t<\/span>\n\t\t\t\t\t<\/a>\n\t\t\t\t<\/div>\n\t\t\t\t\t\t\t\t<\/div>\n\t\t\t\t<\/div>\n\t\t\t\t\t<\/div>\n\t\t<\/div>\n\t\t\t\t\t<\/div>\n\t\t<\/section>\n\t\t\t\t<section class=\"elementor-section elementor-top-section elementor-element elementor-element-7101a0e elementor-section-boxed elementor-section-height-default elementor-section-height-default\" data-id=\"7101a0e\" data-element_type=\"section\" data-e-type=\"section\">\n\t\t\t\t\t\t<div class=\"elementor-container elementor-column-gap-default\">\n\t\t\t\t\t<div class=\"elementor-column elementor-col-100 elementor-top-column elementor-element elementor-element-68d5d88\" data-id=\"68d5d88\" data-element_type=\"column\" data-e-type=\"column\">\n\t\t\t<div class=\"elementor-widget-wrap elementor-element-populated\">\n\t\t\t\t\t\t<div class=\"elementor-element elementor-element-c88c3ef elementor-widget elementor-widget-spacer\" data-id=\"c88c3ef\" data-element_type=\"widget\" data-e-type=\"widget\" data-widget_type=\"spacer.default\">\n\t\t\t\t<div class=\"elementor-widget-container\">\n\t\t\t\t\t\t\t<div class=\"elementor-spacer\">\n\t\t\t<div class=\"elementor-spacer-inner\"><\/div>\n\t\t<\/div>\n\t\t\t\t\t\t<\/div>\n\t\t\t\t<\/div>\n\t\t\t\t\t<\/div>\n\t\t<\/div>\n\t\t\t\t\t<\/div>\n\t\t<\/section>\n\t\t\t\t<\/div>","protected":false},"excerpt":{"rendered":"<p>Pr\u00fcfungstarife Katalogbestimmungen (Klassifizierung): CHF 3.\u2013 pro St\u00fcck Signaturen: CHF 5.\u2013 pro Marke Kleinattest (A6) mit Abbildung: ab CHF 30.\u2013 Attest (A5) mit Abbildung: 3% vom [&hellip;]<\/p>\n","protected":false},"author":1,"featured_media":0,"parent":0,"menu_order":0,"comment_status":"closed","ping_status":"closed","template":"page-templates\/page_front-page.php","meta":{"footnotes":""},"class_list":["post-973","page","type-page","status-publish","hentry"],"_links":{"self":[{"href":"https:\/\/xn--briefmarken-prfer-g3b.ch\/fr\/wp-json\/wp\/v2\/pages\/973","targetHints":{"allow":["GET"]}}],"collection":[{"href":"https:\/\/xn--briefmarken-prfer-g3b.ch\/fr\/wp-json\/wp\/v2\/pages"}],"about":[{"href":"https:\/\/xn--briefmarken-prfer-g3b.ch\/fr\/wp-json\/wp\/v2\/types\/page"}],"author":[{"embeddable":true,"href":"https:\/\/xn--briefmarken-prfer-g3b.ch\/fr\/wp-json\/wp\/v2\/users\/1"}],"replies":[{"embeddable":true,"href":"https:\/\/xn--briefmarken-prfer-g3b.ch\/fr\/wp-json\/wp\/v2\/comments?post=973"}],"version-history":[{"count":19,"href":"https:\/\/xn--briefmarken-prfer-g3b.ch\/fr\/wp-json\/wp\/v2\/pages\/973\/revisions"}],"predecessor-version":[{"id":1348,"href":"https:\/\/xn--briefmarken-prfer-g3b.ch\/fr\/wp-json\/wp\/v2\/pages\/973\/revisions\/1348"}],"wp:attachment":[{"href":"https:\/\/xn--briefmarken-prfer-g3b.ch\/fr\/wp-json\/wp\/v2\/media?parent=973"}],"curies":[{"name":"wp","href":"https:\/\/api.w.org\/{rel}","templated":true}]}}